{"id":21,"date":"2020-09-25T11:19:34","date_gmt":"2020-09-25T09:19:34","guid":{"rendered":"https:\/\/rubic.nu\/se\/?page_id=21"},"modified":"2020-11-26T08:35:42","modified_gmt":"2020-11-26T07:35:42","slug":"undersokningar-for-mannen","status":"publish","type":"page","link":"https:\/\/rubic.nu\/se\/undersokningar\/undersokningar-for-mannen\/","title":{"rendered":"Unders\u00f6kningar f\u00f6r mannen"},"content":{"rendered":"\n<p class=\"has-green-c-color has-text-color\"><strong>Du kommer att f\u00e5 komma p\u00e5 tre bes\u00f6k till Reproduktionsmedicinskt Centrum (RMC) d\u00e4rut\u00f6ver kommer du att f\u00e5 fylla i ett elektroniskt fr\u00e5geformul\u00e4r.&nbsp;<\/strong><\/p>\n\n\n\n<p class=\"has-green-c-color has-text-color\"><strong>Det f\u00f6rsta och andra bes\u00f6ket tar ca en 30 minuter, det tredje bes\u00f6ket ca 1 timme.<\/strong><\/p>\n\n\n\n<p><em>F\u00f6rsta bes\u00f6ket inneb\u00e4r:<\/em><\/p>\n\n\n\n<ul class=\"wp-block-list\"><li>Spermaprov&nbsp;<\/li><li>Blodprover<\/li><li>Avf\u00f6rings kit l\u00e4mnas ut- sj\u00e4lvuppsamling<\/li><\/ul>\n\n\n\n<p><em>Vid andra bes\u00f6ket f\u00e5r du l\u00e4mna ett andra sperma prov enligt klinisk rutin. D\u00e4rf\u00f6r ska du&nbsp;<strong>inte&nbsp;<\/strong>heller vara fastande, du kommer&nbsp;<strong>inte&nbsp;<\/strong>heller tr\u00e4ffa studiepersonal.&nbsp;<\/em><\/p>\n\n\n\n<p><em>Tredje bes\u00f6ket \u00e4r en l\u00e4karunders\u00f6kning och inneb\u00e4r:&nbsp;<\/em><\/p>\n\n\n\n<p>Du och din partner f\u00e5r en bokad tid till kliniken d\u00e4r ni kommer att f\u00e5 tr\u00e4ffa vars en l\u00e4kare samt ha ett gemensamt avslutande samtal tillsammans med b\u00e5de en androlog och en gynekolog. P\u00e5 ditt l\u00e4karbes\u00f6k kommer det att utf\u00f6ras ultraljudskanning av testiklarna och toppsning fr\u00e5n \u00e4ndtarmen.<\/p>\n\n\n\n<p>N\u00e4r ert l\u00e4karbes\u00f6k \u00e4r slut kommer en forskningssjuksk\u00f6terska ta emot er. Forskningssjuksk\u00f6terskan kommeratt m\u00e4ta din l\u00e4ngd, vikt och ditt blodtryck samt ta blodprov, salivprov, urinprov och ett h\u00e5rprov. Avf\u00f6ringskitet som l\u00e4mnats ut vid tidigare bes\u00f6k kommer att samlas in. Den sista delen av bes\u00f6ket kommer vi att g\u00e5 igenom det fr\u00e5geformul\u00e4r som du har f\u00e5tt fylla i elektroniskt och eventuella fr\u00e5gor kan besvaras.&nbsp;<\/p>\n\n\n\n<p>En stor del av de prover som tas kommer att skickas vidare till v\u00e5r biobank, d\u00e4r de kommer f\u00f6rvaras till framtida forskningsprojekt.<\/p>\n\n\n\n<p>I samband med att du tr\u00e4ffar studiepersonalen f\u00f6rsta g\u00e5ngen f\u00e5r du&nbsp;&nbsp;skriftlig infomation hur du och din partner bokar tid f\u00f6r DXA-skanning. Denna unders\u00f6kning som visar kroppens fett- och muskelsammans\u00e4ttning samt bent\u00e4thet utf\u00f6rs p\u00e5 ortopedklinikens forskningsavdelning, SUS, Malm\u00f6.<\/p>\n\n\n\n<p>Du kan l\u00e4sa mer om proverna och unders\u00f6kningarna om du klicka nedanf\u00f6r.<\/p>\n\n\n\n<p>De tv\u00e5 \u00f6versta unders\u00f6kningar ing\u00e5r i rutinunders\u00f6kningen f\u00f6r parmottagningen vid RMC<\/p>\n","protected":false},"excerpt":{"rendered":"<p>Du kommer att f\u00e5 komma p\u00e5 tre bes\u00f6k till Reproduktionsmedicinskt Centrum (RMC) d\u00e4rut\u00f6ver kommer du att f\u00e5 fylla i ett elektroniskt fr\u00e5geformul\u00e4r.&nbsp; Det f\u00f6rsta och andra bes\u00f6ket tar ca en 30 minuter, det tredje bes\u00f6ket ca 1 timme. F\u00f6rsta bes\u00f6ket inneb\u00e4r: Spermaprov&nbsp; Blodprover Avf\u00f6rings kit l\u00e4mnas ut- sj\u00e4lvuppsamling Vid andra bes\u00f6ket f\u00e5r du l\u00e4mna ett [&hellip;]<\/p>\n","protected":false},"author":1,"featured_media":184,"parent":17,"menu_order":20,"comment_status":"closed","ping_status":"closed","template":"page-examination.php","meta":{"footnotes":""},"class_list":["post-21","page","type-page","status-publish","has-post-thumbnail","hentry"],"yoast_head":"<!-- This site is optimized with the Yoast SEO plugin v23.9 - https:\/\/yoast.com\/wordpress\/plugins\/seo\/ -->\n<title>Unders\u00f6kningar f\u00f6r mannen - RUBIC SE<\/title>\n<meta name=\"robots\" content=\"index, follow, max-snippet:-1, max-image-preview:large, max-video-preview:-1\" \/>\n<link rel=\"canonical\" href=\"https:\/\/rubic.nu\/se\/undersokningar\/undersokningar-for-mannen\/\" \/>\n<meta property=\"og:locale\" content=\"sv_SE\" \/>\n<meta property=\"og:type\" content=\"article\" \/>\n<meta property=\"og:title\" content=\"Unders\u00f6kningar f\u00f6r mannen - RUBIC SE\" \/>\n<meta property=\"og:description\" content=\"Du kommer att f\u00e5 komma p\u00e5 tre bes\u00f6k till Reproduktionsmedicinskt Centrum (RMC) d\u00e4rut\u00f6ver kommer du att f\u00e5 fylla i ett elektroniskt fr\u00e5geformul\u00e4r.&nbsp; Det f\u00f6rsta och andra bes\u00f6ket tar ca en 30 minuter, det tredje bes\u00f6ket ca 1 timme. F\u00f6rsta bes\u00f6ket inneb\u00e4r: Spermaprov&nbsp; Blodprover Avf\u00f6rings kit l\u00e4mnas ut- sj\u00e4lvuppsamling Vid andra bes\u00f6ket f\u00e5r du l\u00e4mna ett [&hellip;]\" \/>\n<meta property=\"og:url\" content=\"https:\/\/rubic.nu\/se\/undersokningar\/undersokningar-for-mannen\/\" \/>\n<meta property=\"og:site_name\" content=\"RUBIC SE\" \/>\n<meta property=\"article:modified_time\" content=\"2020-11-26T07:35:42+00:00\" \/>\n<meta name=\"twitter:card\" content=\"summary_large_image\" \/>\n<meta name=\"twitter:label1\" content=\"Ber\u00e4knad l\u00e4stid\" \/>\n\t<meta name=\"twitter:data1\" content=\"2 minuter\" \/>\n<script type=\"application\/ld+json\" class=\"yoast-schema-graph\">{\"@context\":\"https:\/\/schema.org\",\"@graph\":[{\"@type\":\"WebPage\",\"@id\":\"https:\/\/rubic.nu\/se\/undersokningar\/undersokningar-for-mannen\/\",\"url\":\"https:\/\/rubic.nu\/se\/undersokningar\/undersokningar-for-mannen\/\",\"name\":\"Unders\u00f6kningar f\u00f6r mannen - RUBIC SE\",\"isPartOf\":{\"@id\":\"https:\/\/rubic.nu\/se\/#website\"},\"primaryImageOfPage\":{\"@id\":\"https:\/\/rubic.nu\/se\/undersokningar\/undersokningar-for-mannen\/#primaryimage\"},\"image\":{\"@id\":\"https:\/\/rubic.nu\/se\/undersokningar\/undersokningar-for-mannen\/#primaryimage\"},\"thumbnailUrl\":\"https:\/\/rubic.nu\/se\/wp-content\/uploads\/sites\/2\/2020\/09\/man-icon.svg\",\"datePublished\":\"2020-09-25T09:19:34+00:00\",\"dateModified\":\"2020-11-26T07:35:42+00:00\",\"breadcrumb\":{\"@id\":\"https:\/\/rubic.nu\/se\/undersokningar\/undersokningar-for-mannen\/#breadcrumb\"},\"inLanguage\":\"sv-SE\",\"potentialAction\":[{\"@type\":\"ReadAction\",\"target\":[\"https:\/\/rubic.nu\/se\/undersokningar\/undersokningar-for-mannen\/\"]}]},{\"@type\":\"ImageObject\",\"inLanguage\":\"sv-SE\",\"@id\":\"https:\/\/rubic.nu\/se\/undersokningar\/undersokningar-for-mannen\/#primaryimage\",\"url\":\"https:\/\/rubic.nu\/se\/wp-content\/uploads\/sites\/2\/2020\/09\/man-icon.svg\",\"contentUrl\":\"https:\/\/rubic.nu\/se\/wp-content\/uploads\/sites\/2\/2020\/09\/man-icon.svg\"},{\"@type\":\"BreadcrumbList\",\"@id\":\"https:\/\/rubic.nu\/se\/undersokningar\/undersokningar-for-mannen\/#breadcrumb\",\"itemListElement\":[{\"@type\":\"ListItem\",\"position\":1,\"name\":\"Hem\",\"item\":\"https:\/\/rubic.nu\/se\/\"},{\"@type\":\"ListItem\",\"position\":2,\"name\":\"Unders\u00f6kningar\",\"item\":\"https:\/\/rubic.nu\/se\/undersokningar\/\"},{\"@type\":\"ListItem\",\"position\":3,\"name\":\"Unders\u00f6kningar f\u00f6r mannen\"}]},{\"@type\":\"WebSite\",\"@id\":\"https:\/\/rubic.nu\/se\/#website\",\"url\":\"https:\/\/rubic.nu\/se\/\",\"name\":\"RUBIC SE\",\"description\":\"ReproUnion Biobank and Infertility Cohort\",\"potentialAction\":[{\"@type\":\"SearchAction\",\"target\":{\"@type\":\"EntryPoint\",\"urlTemplate\":\"https:\/\/rubic.nu\/se\/?s={search_term_string}\"},\"query-input\":{\"@type\":\"PropertyValueSpecification\",\"valueRequired\":true,\"valueName\":\"search_term_string\"}}],\"inLanguage\":\"sv-SE\"}]}<\/script>\n<!-- \/ Yoast SEO plugin. -->","yoast_head_json":{"title":"Unders\u00f6kningar f\u00f6r mannen - RUBIC SE","robots":{"index":"index","follow":"follow","max-snippet":"max-snippet:-1","max-image-preview":"max-image-preview:large","max-video-preview":"max-video-preview:-1"},"canonical":"https:\/\/rubic.nu\/se\/undersokningar\/undersokningar-for-mannen\/","og_locale":"sv_SE","og_type":"article","og_title":"Unders\u00f6kningar f\u00f6r mannen - RUBIC SE","og_description":"Du kommer att f\u00e5 komma p\u00e5 tre bes\u00f6k till Reproduktionsmedicinskt Centrum (RMC) d\u00e4rut\u00f6ver kommer du att f\u00e5 fylla i ett elektroniskt fr\u00e5geformul\u00e4r.&nbsp; Det f\u00f6rsta och andra bes\u00f6ket tar ca en 30 minuter, det tredje bes\u00f6ket ca 1 timme. F\u00f6rsta bes\u00f6ket inneb\u00e4r: Spermaprov&nbsp; Blodprover Avf\u00f6rings kit l\u00e4mnas ut- sj\u00e4lvuppsamling Vid andra bes\u00f6ket f\u00e5r du l\u00e4mna ett [&hellip;]","og_url":"https:\/\/rubic.nu\/se\/undersokningar\/undersokningar-for-mannen\/","og_site_name":"RUBIC SE","article_modified_time":"2020-11-26T07:35:42+00:00","twitter_card":"summary_large_image","twitter_misc":{"Ber\u00e4knad l\u00e4stid":"2 minuter"},"schema":{"@context":"https:\/\/schema.org","@graph":[{"@type":"WebPage","@id":"https:\/\/rubic.nu\/se\/undersokningar\/undersokningar-for-mannen\/","url":"https:\/\/rubic.nu\/se\/undersokningar\/undersokningar-for-mannen\/","name":"Unders\u00f6kningar f\u00f6r mannen - RUBIC SE","isPartOf":{"@id":"https:\/\/rubic.nu\/se\/#website"},"primaryImageOfPage":{"@id":"https:\/\/rubic.nu\/se\/undersokningar\/undersokningar-for-mannen\/#primaryimage"},"image":{"@id":"https:\/\/rubic.nu\/se\/undersokningar\/undersokningar-for-mannen\/#primaryimage"},"thumbnailUrl":"https:\/\/rubic.nu\/se\/wp-content\/uploads\/sites\/2\/2020\/09\/man-icon.svg","datePublished":"2020-09-25T09:19:34+00:00","dateModified":"2020-11-26T07:35:42+00:00","breadcrumb":{"@id":"https:\/\/rubic.nu\/se\/undersokningar\/undersokningar-for-mannen\/#breadcrumb"},"inLanguage":"sv-SE","potentialAction":[{"@type":"ReadAction","target":["https:\/\/rubic.nu\/se\/undersokningar\/undersokningar-for-mannen\/"]}]},{"@type":"ImageObject","inLanguage":"sv-SE","@id":"https:\/\/rubic.nu\/se\/undersokningar\/undersokningar-for-mannen\/#primaryimage","url":"https:\/\/rubic.nu\/se\/wp-content\/uploads\/sites\/2\/2020\/09\/man-icon.svg","contentUrl":"https:\/\/rubic.nu\/se\/wp-content\/uploads\/sites\/2\/2020\/09\/man-icon.svg"},{"@type":"BreadcrumbList","@id":"https:\/\/rubic.nu\/se\/undersokningar\/undersokningar-for-mannen\/#breadcrumb","itemListElement":[{"@type":"ListItem","position":1,"name":"Hem","item":"https:\/\/rubic.nu\/se\/"},{"@type":"ListItem","position":2,"name":"Unders\u00f6kningar","item":"https:\/\/rubic.nu\/se\/undersokningar\/"},{"@type":"ListItem","position":3,"name":"Unders\u00f6kningar f\u00f6r mannen"}]},{"@type":"WebSite","@id":"https:\/\/rubic.nu\/se\/#website","url":"https:\/\/rubic.nu\/se\/","name":"RUBIC SE","description":"ReproUnion Biobank and Infertility Cohort","potentialAction":[{"@type":"SearchAction","target":{"@type":"EntryPoint","urlTemplate":"https:\/\/rubic.nu\/se\/?s={search_term_string}"},"query-input":{"@type":"PropertyValueSpecification","valueRequired":true,"valueName":"search_term_string"}}],"inLanguage":"sv-SE"}]}},"_links":{"self":[{"href":"https:\/\/rubic.nu\/se\/wp-json\/wp\/v2\/pages\/21","targetHints":{"allow":["GET"]}}],"collection":[{"href":"https:\/\/rubic.nu\/se\/wp-json\/wp\/v2\/pages"}],"about":[{"href":"https:\/\/rubic.nu\/se\/wp-json\/wp\/v2\/types\/page"}],"author":[{"embeddable":true,"href":"https:\/\/rubic.nu\/se\/wp-json\/wp\/v2\/users\/1"}],"replies":[{"embeddable":true,"href":"https:\/\/rubic.nu\/se\/wp-json\/wp\/v2\/comments?post=21"}],"version-history":[{"count":12,"href":"https:\/\/rubic.nu\/se\/wp-json\/wp\/v2\/pages\/21\/revisions"}],"predecessor-version":[{"id":332,"href":"https:\/\/rubic.nu\/se\/wp-json\/wp\/v2\/pages\/21\/revisions\/332"}],"up":[{"embeddable":true,"href":"https:\/\/rubic.nu\/se\/wp-json\/wp\/v2\/pages\/17"}],"wp:featuredmedia":[{"embeddable":true,"href":"https:\/\/rubic.nu\/se\/wp-json\/wp\/v2\/media\/184"}],"wp:attachment":[{"href":"https:\/\/rubic.nu\/se\/wp-json\/wp\/v2\/media?parent=21"}],"curies":[{"name":"wp","href":"https:\/\/api.w.org\/{rel}","templated":true}]}}